{"id":9848,"date":"2024-08-25T23:34:38","date_gmt":"2024-08-25T21:34:38","guid":{"rendered":"https:\/\/monbip.fr\/?post_type=product&#038;p=9848"},"modified":"2024-08-25T23:34:38","modified_gmt":"2024-08-25T21:34:38","slug":"moteur-came-by3500t","status":"publish","type":"product","link":"https:\/\/monbip.fr\/de\/produkt\/motorisierungen\/motorisierung-von-garagentoren-de\/moteur-came-by3500t\/","title":{"rendered":"Moteur CAME BY3500T"},"content":{"rendered":"<p>Mod\u00e8le BY-3500T<br \/>\nClasse de protection (IP) 54<br \/>\nAlimentation (V &#8211; 50\/60 Hz) 230\/400 V AC TRIPHAS\u00c9<br \/>\nAlimentation du moteur (V) 230\/400 V AC TRIPHAS\u00c9<br \/>\nConsommation (A) 2<br \/>\nPuissance (W) 1000<br \/>\nVitesse de man\u0153uvre (m\/min) 10,5<br \/>\nCycles\/heure 14<br \/>\nPouss\u00e9e (N) 3500<br \/>\nTemp\u00e9rature de fonctionnement (\u00b0C) -20 \u00f7 +55<br \/>\nProtection thermique moteur (\u00b0C) 140<\/p>\n<p>CARACT\u00c9RISTIQUES PRINCIPALES<\/p>\n<p>Une m\u00e9canique robuste pour garantir des performances exceptionnelles.<br \/>\nAutodiagnostic des dispositifs de s\u00e9curit\u00e9.<br \/>\nPr\u00eat \u00e0 faire fonctionner la lumi\u00e8re de courtoisie.<br \/>\nAlimentation triphas\u00e9e 230 &#8211; 400 V AC pour offrir des performances maximales.<\/p>\n","protected":false},"excerpt":{"rendered":"<p>Moteur CAME BY3500T &#8211; Automatisme avec moteur 230 &#8211; 400 V, comprend carte \u00e9lectronique et fins de course m\u00e9caniques pour portails coulissants jusqu&#8217;\u00e0 3500 kg et 17 m de longueur.<\/p>\n","protected":false},"featured_media":9849,"template":"","meta":[],"product_brand":[],"product_cat":[203],"product_tag":[],"class_list":{"0":"post-9848","1":"product","2":"type-product","3":"status-publish","4":"has-post-thumbnail","6":"product_cat-motorisation-porte-de-garage","8":"first","9":"instock","10":"sale","11":"taxable","12":"shipping-taxable","13":"purchasable","14":"product-type-simple"},"_links":{"self":[{"href":"https:\/\/monbip.fr\/de\/wp-json\/wp\/v2\/product\/9848","targetHints":{"allow":["GET"]}}],"collection":[{"href":"https:\/\/monbip.fr\/de\/wp-json\/wp\/v2\/product"}],"about":[{"href":"https:\/\/monbip.fr\/de\/wp-json\/wp\/v2\/types\/product"}],"wp:featuredmedia":[{"embeddable":true,"href":"https:\/\/monbip.fr\/de\/wp-json\/wp\/v2\/media\/9849"}],"wp:attachment":[{"href":"https:\/\/monbip.fr\/de\/wp-json\/wp\/v2\/media?parent=9848"}],"wp:term":[{"taxonomy":"product_brand","embeddable":true,"href":"https:\/\/monbip.fr\/de\/wp-json\/wp\/v2\/product_brand?post=9848"},{"taxonomy":"product_cat","embeddable":true,"href":"https:\/\/monbip.fr\/de\/wp-json\/wp\/v2\/product_cat?post=9848"},{"taxonomy":"product_tag","embeddable":true,"href":"https:\/\/monbip.fr\/de\/wp-json\/wp\/v2\/product_tag?post=9848"}],"curies":[{"name":"wp","href":"https:\/\/api.w.org\/{rel}","templated":true}]}}