{"id":9851,"date":"2024-08-25T23:48:11","date_gmt":"2024-08-25T21:48:11","guid":{"rendered":"https:\/\/monbip.fr\/?post_type=product&#038;p=9851"},"modified":"2024-08-25T23:48:11","modified_gmt":"2024-08-25T21:48:11","slug":"moteur-came-axl20dgs-801mp-0020","status":"publish","type":"product","link":"https:\/\/monbip.fr\/de\/produkt\/motorisierungen\/drehtorantriebe\/moteur-came-axl20dgs-801mp-0020\/","title":{"rendered":"Moteur CAME AXL20DGS 801MP-0020"},"content":{"rendered":"<p>Mod\u00e8le 801MP-0020<br \/>\nClasse de protection (IP) 44<br \/>\nAlimentation du moteur (V) 24 DC<br \/>\nPuissance (W) 120<br \/>\nTemps de man\u0153uvre \u00e0 90\u00b0 (s) 15<br \/>\nClignotant\/Fonctionnement (%) 50<br \/>\nPouss\u00e9e (N) 400 \u00f7 2000<br \/>\nTemp\u00e9rature de fonctionnement (\u00b0C) -20 \u00f7 +55<\/p>\n","protected":false},"excerpt":{"rendered":"<p>Moteur CAME AXL20DGS 801MP-0020 &#8211; Motor\u00e9ducteur irr\u00e9versible 24 V avec encodeur pour portails battants avec vantaux jusqu&#8217;\u00e0 2 m et poids 200 kg. Couleur gris RAL7024.<\/p>\n","protected":false},"featured_media":9852,"template":"","meta":[],"product_brand":[],"product_cat":[207],"product_tag":[],"class_list":{"0":"post-9851","1":"product","2":"type-product","3":"status-publish","4":"has-post-thumbnail","6":"product_cat-motorisation-portail-battant","8":"first","9":"instock","10":"sale","11":"taxable","12":"shipping-taxable","13":"purchasable","14":"product-type-simple"},"_links":{"self":[{"href":"https:\/\/monbip.fr\/de\/wp-json\/wp\/v2\/product\/9851","targetHints":{"allow":["GET"]}}],"collection":[{"href":"https:\/\/monbip.fr\/de\/wp-json\/wp\/v2\/product"}],"about":[{"href":"https:\/\/monbip.fr\/de\/wp-json\/wp\/v2\/types\/product"}],"wp:featuredmedia":[{"embeddable":true,"href":"https:\/\/monbip.fr\/de\/wp-json\/wp\/v2\/media\/9852"}],"wp:attachment":[{"href":"https:\/\/monbip.fr\/de\/wp-json\/wp\/v2\/media?parent=9851"}],"wp:term":[{"taxonomy":"product_brand","embeddable":true,"href":"https:\/\/monbip.fr\/de\/wp-json\/wp\/v2\/product_brand?post=9851"},{"taxonomy":"product_cat","embeddable":true,"href":"https:\/\/monbip.fr\/de\/wp-json\/wp\/v2\/product_cat?post=9851"},{"taxonomy":"product_tag","embeddable":true,"href":"https:\/\/monbip.fr\/de\/wp-json\/wp\/v2\/product_tag?post=9851"}],"curies":[{"name":"wp","href":"https:\/\/api.w.org\/{rel}","templated":true}]}}