{"id":9858,"date":"2024-08-26T00:10:01","date_gmt":"2024-08-25T22:10:01","guid":{"rendered":"https:\/\/monbip.fr\/?post_type=product&#038;p=9858"},"modified":"2024-08-26T00:10:01","modified_gmt":"2024-08-25T22:10:01","slug":"came-axi25dgs-801mp-0040","status":"publish","type":"product","link":"https:\/\/monbip.fr\/de\/produkt\/motorisierungen\/drehtorantriebe\/came-axi25dgs-801mp-0040\/","title":{"rendered":"CAME AXI25DGS 801MP-0040"},"content":{"rendered":"<p>Mod\u00e8le 801MP-0040<br \/>\nDegr\u00e9 de protection (IP) 44<br \/>\nPuissance moteur (V) 24 DC<br \/>\nConsommation (A) 5 Max.<br \/>\nPuissance (W) 120<br \/>\nTemps de man\u0153uvre \u00e0 90\u00b0 (s) 15*<br \/>\nClignotant\/Fonctionnement (%) 50<br \/>\nPouss\u00e9e (N) 400 \u00f7 2000<br \/>\nTemp\u00e9rature de fonctionnement (\u00b0C) -20 \u00f7 +55<\/p>\n","protected":false},"excerpt":{"rendered":"<p>Moteur CAME AXI25DGS 801MP-0040 &#8211; Motor\u00e9ducteur irr\u00e9versible 24 V avec encodeur pour portails battants avec vantaux jusqu&#8217;\u00e0 2,5 m et poids 250 kg. Couleur gris RAL7024.<\/p>\n","protected":false},"featured_media":9855,"template":"","meta":[],"product_brand":[],"product_cat":[207],"product_tag":[],"class_list":{"0":"post-9858","1":"product","2":"type-product","3":"status-publish","4":"has-post-thumbnail","6":"product_cat-motorisation-portail-battant","8":"first","9":"instock","10":"sale","11":"taxable","12":"shipping-taxable","13":"purchasable","14":"product-type-simple"},"_links":{"self":[{"href":"https:\/\/monbip.fr\/de\/wp-json\/wp\/v2\/product\/9858","targetHints":{"allow":["GET"]}}],"collection":[{"href":"https:\/\/monbip.fr\/de\/wp-json\/wp\/v2\/product"}],"about":[{"href":"https:\/\/monbip.fr\/de\/wp-json\/wp\/v2\/types\/product"}],"wp:featuredmedia":[{"embeddable":true,"href":"https:\/\/monbip.fr\/de\/wp-json\/wp\/v2\/media\/9855"}],"wp:attachment":[{"href":"https:\/\/monbip.fr\/de\/wp-json\/wp\/v2\/media?parent=9858"}],"wp:term":[{"taxonomy":"product_brand","embeddable":true,"href":"https:\/\/monbip.fr\/de\/wp-json\/wp\/v2\/product_brand?post=9858"},{"taxonomy":"product_cat","embeddable":true,"href":"https:\/\/monbip.fr\/de\/wp-json\/wp\/v2\/product_cat?post=9858"},{"taxonomy":"product_tag","embeddable":true,"href":"https:\/\/monbip.fr\/de\/wp-json\/wp\/v2\/product_tag?post=9858"}],"curies":[{"name":"wp","href":"https:\/\/api.w.org\/{rel}","templated":true}]}}