{"id":9862,"date":"2024-08-26T00:42:47","date_gmt":"2024-08-25T22:42:47","guid":{"rendered":"https:\/\/monbip.fr\/?post_type=product&#038;p=9862"},"modified":"2024-08-26T00:42:47","modified_gmt":"2024-08-25T22:42:47","slug":"came-amico-a1824","status":"publish","type":"product","link":"https:\/\/monbip.fr\/de\/produkt\/motorisierungen\/drehtorantriebe\/came-amico-a1824\/","title":{"rendered":"CAME AMICO A1824"},"content":{"rendered":"<p>Mod\u00e8le A1824<br \/>\nDegr\u00e9 de protection (IP) 44<br \/>\nAlimentation moteur (V) 24 DC<br \/>\nConsommation (A) 4 Max.<br \/>\nPuissance (W) 100<br \/>\nTemps de man\u0153uvre \u00e0 90\u00b0 (s) R\u00e9glable<br \/>\nIntermittence\/Fonctionnement (%) SERVICE INTENSIF<br \/>\nPouss\u00e9e (N) 400 \u00f7 2000<br \/>\nTemp\u00e9rature de fonctionnement (\u00b0C) -20 \u00f7 +55<br \/>\nProtection thermique moteur (\u00b0C) 150<\/p>\n","protected":false},"excerpt":{"rendered":"<p>Moteur CAME AMICO A1824 Motor\u00e9ducteur irr\u00e9versible avec encodeur pour portails battants jusqu&#8217;\u00e0 1,8 m par vantail.<\/p>\n","protected":false},"featured_media":9860,"template":"","meta":[],"product_brand":[],"product_cat":[207],"product_tag":[],"class_list":{"0":"post-9862","1":"product","2":"type-product","3":"status-publish","4":"has-post-thumbnail","6":"product_cat-motorisation-portail-battant","8":"first","9":"instock","10":"sale","11":"taxable","12":"shipping-taxable","13":"purchasable","14":"product-type-simple"},"_links":{"self":[{"href":"https:\/\/monbip.fr\/de\/wp-json\/wp\/v2\/product\/9862","targetHints":{"allow":["GET"]}}],"collection":[{"href":"https:\/\/monbip.fr\/de\/wp-json\/wp\/v2\/product"}],"about":[{"href":"https:\/\/monbip.fr\/de\/wp-json\/wp\/v2\/types\/product"}],"wp:featuredmedia":[{"embeddable":true,"href":"https:\/\/monbip.fr\/de\/wp-json\/wp\/v2\/media\/9860"}],"wp:attachment":[{"href":"https:\/\/monbip.fr\/de\/wp-json\/wp\/v2\/media?parent=9862"}],"wp:term":[{"taxonomy":"product_brand","embeddable":true,"href":"https:\/\/monbip.fr\/de\/wp-json\/wp\/v2\/product_brand?post=9862"},{"taxonomy":"product_cat","embeddable":true,"href":"https:\/\/monbip.fr\/de\/wp-json\/wp\/v2\/product_cat?post=9862"},{"taxonomy":"product_tag","embeddable":true,"href":"https:\/\/monbip.fr\/de\/wp-json\/wp\/v2\/product_tag?post=9862"}],"curies":[{"name":"wp","href":"https:\/\/api.w.org\/{rel}","templated":true}]}}