{"id":9920,"date":"2024-10-17T00:03:36","date_gmt":"2024-10-16T22:03:36","guid":{"rendered":"https:\/\/monbip.fr\/?post_type=product&#038;p=9920"},"modified":"2024-10-17T00:05:11","modified_gmt":"2024-10-16T22:05:11","slug":"ditec-bixpr2-868","status":"publish","type":"product","link":"https:\/\/monbip.fr\/de\/produkt\/empfaenger-de\/ditec-bixpr2-868\/","title":{"rendered":"Ditec BIXPR2 868"},"content":{"rendered":"<p>R\u00e9cepteur bicanal 12-24 V CC\/V CA \u00e0 raccordement sur armoire de commande ou bo\u00eetier porte-cartes. Fourni avec le module de m\u00e9moire amovible BIXMR2 pour la m\u00e9morisation de 200 t\u00e9l\u00e9commandes.<\/p>\n<p>1 sortie pouvant \u00eatre configur\u00e9e comme : Pas \u00e0 pas, Impulsion, Temporis\u00e9 pas \u00e0 pas 300 s, Temporis\u00e9 3 s, 30 s, 90 s, 180 s<\/p>\n","protected":false},"excerpt":{"rendered":"<p><b>R\u00e9cepteur Ditec BIXPR2\u00a0 868,35 MHz<\/b><\/p>\n","protected":false},"featured_media":9921,"template":"","meta":[],"product_brand":[],"product_cat":[209],"product_tag":[],"class_list":{"0":"post-9920","1":"product","2":"type-product","3":"status-publish","4":"has-post-thumbnail","6":"product_cat-recepteurs","8":"first","9":"instock","10":"sale","11":"taxable","12":"shipping-taxable","13":"purchasable","14":"product-type-simple"},"_links":{"self":[{"href":"https:\/\/monbip.fr\/de\/wp-json\/wp\/v2\/product\/9920","targetHints":{"allow":["GET"]}}],"collection":[{"href":"https:\/\/monbip.fr\/de\/wp-json\/wp\/v2\/product"}],"about":[{"href":"https:\/\/monbip.fr\/de\/wp-json\/wp\/v2\/types\/product"}],"wp:featuredmedia":[{"embeddable":true,"href":"https:\/\/monbip.fr\/de\/wp-json\/wp\/v2\/media\/9921"}],"wp:attachment":[{"href":"https:\/\/monbip.fr\/de\/wp-json\/wp\/v2\/media?parent=9920"}],"wp:term":[{"taxonomy":"product_brand","embeddable":true,"href":"https:\/\/monbip.fr\/de\/wp-json\/wp\/v2\/product_brand?post=9920"},{"taxonomy":"product_cat","embeddable":true,"href":"https:\/\/monbip.fr\/de\/wp-json\/wp\/v2\/product_cat?post=9920"},{"taxonomy":"product_tag","embeddable":true,"href":"https:\/\/monbip.fr\/de\/wp-json\/wp\/v2\/product_tag?post=9920"}],"curies":[{"name":"wp","href":"https:\/\/api.w.org\/{rel}","templated":true}]}}