{"id":9948,"date":"2024-10-27T20:27:22","date_gmt":"2024-10-27T18:27:22","guid":{"rendered":"https:\/\/monbip.fr\/?post_type=product&#038;p=9948"},"modified":"2024-10-27T20:27:22","modified_gmt":"2024-10-27T18:27:22","slug":"gibidi-kuda","status":"publish","type":"product","link":"https:\/\/monbip.fr\/de\/produkt\/motorisierungen\/drehtorantriebe\/gibidi-kuda\/","title":{"rendered":"GIBIDI KUDA"},"content":{"rendered":"<p>INSTALLATION FACILE<br \/>\nGr\u00e2ce aux pinces r\u00e9glables sans besoin de soudure. Le centre de contr\u00f4le offre une fonction d\u2019auto-apprentissage compl\u00e8te.<\/p>\n<p>CALME ET RAPIDE<br \/>\nFabriqu\u00e9 avec des engrenages en acier, bronze-aluminium et polym\u00e8res sp\u00e9ciaux. Gr\u00e2ce \u00e0 cette combinaison, une vitesse de mouvement \u00e9lev\u00e9e et r\u00e9glable peut \u00eatre g\u00e9r\u00e9e.<\/p>\n<p>TECHNOLOGIQUE ET S\u00dbR<br \/>\nEncodeur de derni\u00e8re g\u00e9n\u00e9ration. Gr\u00e2ce \u00e0 la centrale de contr\u00f4le GIBIDI dot\u00e9e de toutes les entr\u00e9es pour les dispositifs de s\u00e9curit\u00e9, y compris le capteur encodeur pour r\u00e9guler la sensibilit\u00e9 anti-\u00e9crasement int\u00e9gr\u00e9e, il est possible d&#8217;atteindre le plus haut niveau de s\u00e9curit\u00e9, comme le pr\u00e9voit la norme EN 12453.<\/p>\n","protected":false},"excerpt":{"rendered":"<p>Op\u00e9rateur \u00e9lectrom\u00e9canique GIBIDI KUDA\u00a0 24Vdc avec encodeur, pour portails battants de petites dimensions et poids, \u00e0 usage r\u00e9sidentiel.<\/p>\n","protected":false},"featured_media":9949,"template":"","meta":[],"product_brand":[],"product_cat":[207],"product_tag":[],"class_list":{"0":"post-9948","1":"product","2":"type-product","3":"status-publish","4":"has-post-thumbnail","6":"product_cat-motorisation-portail-battant","8":"first","9":"instock","10":"sale","11":"taxable","12":"shipping-taxable","13":"purchasable","14":"product-type-simple"},"_links":{"self":[{"href":"https:\/\/monbip.fr\/de\/wp-json\/wp\/v2\/product\/9948","targetHints":{"allow":["GET"]}}],"collection":[{"href":"https:\/\/monbip.fr\/de\/wp-json\/wp\/v2\/product"}],"about":[{"href":"https:\/\/monbip.fr\/de\/wp-json\/wp\/v2\/types\/product"}],"wp:featuredmedia":[{"embeddable":true,"href":"https:\/\/monbip.fr\/de\/wp-json\/wp\/v2\/media\/9949"}],"wp:attachment":[{"href":"https:\/\/monbip.fr\/de\/wp-json\/wp\/v2\/media?parent=9948"}],"wp:term":[{"taxonomy":"product_brand","embeddable":true,"href":"https:\/\/monbip.fr\/de\/wp-json\/wp\/v2\/product_brand?post=9948"},{"taxonomy":"product_cat","embeddable":true,"href":"https:\/\/monbip.fr\/de\/wp-json\/wp\/v2\/product_cat?post=9948"},{"taxonomy":"product_tag","embeddable":true,"href":"https:\/\/monbip.fr\/de\/wp-json\/wp\/v2\/product_tag?post=9948"}],"curies":[{"name":"wp","href":"https:\/\/api.w.org\/{rel}","templated":true}]}}