{"id":9953,"date":"2024-10-27T20:37:50","date_gmt":"2024-10-27T18:37:50","guid":{"rendered":"https:\/\/monbip.fr\/?post_type=product&#038;p=9953"},"modified":"2024-10-27T20:44:25","modified_gmt":"2024-10-27T18:44:25","slug":"gibidi-serra321","status":"publish","type":"product","link":"https:\/\/monbip.fr\/de\/produkt\/motorisierungen\/drehtorantriebe\/gibidi-serra321\/","title":{"rendered":"GIBIDI SERRA321"},"content":{"rendered":"<p>INSTALLATION FACILE<br \/>\nOp\u00e9rateur et encodeur pr\u00e9-c\u00e2bl\u00e9s, pinces r\u00e9glables incluses et supports de porte int\u00e9gr\u00e9s.<\/p>\n<p>CALME ET RAPIDE<br \/>\nFabriqu\u00e9 avec des engrenages en acier et en aluminium-bronze, qui permettent de g\u00e9rer une vitesse de mouvement \u00e9lev\u00e9e et r\u00e9glable.<\/p>\n<p>TECHNOLOGIQUE ET S\u00dbR<br \/>\nCodeur de derni\u00e8re g\u00e9n\u00e9ration, moteur robuste, \u00e9galement adapt\u00e9 aux usages intensifs. Engrenages et vis d&#8217;entra\u00eenement enti\u00e8rement prot\u00e9g\u00e9s. Les unit\u00e9s de contr\u00f4le GIBIDI avec fonction int\u00e9gr\u00e9e de r\u00e9gulation de la sensibilit\u00e9 anti-\u00e9crasement permettent d&#8217;atteindre le plus haut niveau de s\u00e9curit\u00e9, comme le pr\u00e9voit la norme EN 12453.<\/p>\n","protected":false},"excerpt":{"rendered":"<p>Op\u00e9rateur \u00e9lectrom\u00e9canique GIBIDI SERRA321 24Vdc avec encodeur, pour portails battants de moyenne et grande taille, pour usage intensif.<\/p>\n","protected":false},"featured_media":9954,"template":"","meta":[],"product_brand":[],"product_cat":[207],"product_tag":[],"class_list":{"0":"post-9953","1":"product","2":"type-product","3":"status-publish","4":"has-post-thumbnail","6":"product_cat-motorisation-portail-battant","8":"first","9":"instock","10":"sale","11":"taxable","12":"shipping-taxable","13":"purchasable","14":"product-type-simple"},"_links":{"self":[{"href":"https:\/\/monbip.fr\/de\/wp-json\/wp\/v2\/product\/9953","targetHints":{"allow":["GET"]}}],"collection":[{"href":"https:\/\/monbip.fr\/de\/wp-json\/wp\/v2\/product"}],"about":[{"href":"https:\/\/monbip.fr\/de\/wp-json\/wp\/v2\/types\/product"}],"wp:featuredmedia":[{"embeddable":true,"href":"https:\/\/monbip.fr\/de\/wp-json\/wp\/v2\/media\/9954"}],"wp:attachment":[{"href":"https:\/\/monbip.fr\/de\/wp-json\/wp\/v2\/media?parent=9953"}],"wp:term":[{"taxonomy":"product_brand","embeddable":true,"href":"https:\/\/monbip.fr\/de\/wp-json\/wp\/v2\/product_brand?post=9953"},{"taxonomy":"product_cat","embeddable":true,"href":"https:\/\/monbip.fr\/de\/wp-json\/wp\/v2\/product_cat?post=9953"},{"taxonomy":"product_tag","embeddable":true,"href":"https:\/\/monbip.fr\/de\/wp-json\/wp\/v2\/product_tag?post=9953"}],"curies":[{"name":"wp","href":"https:\/\/api.w.org\/{rel}","templated":true}]}}