{"id":9969,"date":"2024-10-28T00:10:16","date_gmt":"2024-10-27T22:10:16","guid":{"rendered":"https:\/\/monbip.fr\/?post_type=product&#038;p=9969"},"modified":"2024-10-28T00:10:16","modified_gmt":"2024-10-27T22:10:16","slug":"gibidi-top391-evo","status":"publish","type":"product","link":"https:\/\/monbip.fr\/de\/produkt\/motorisierungen\/drehtorantriebe\/gibidi-top391-evo\/","title":{"rendered":"GIBIDI TOP391 EVO"},"content":{"rendered":"<p>Le moteur GIBIDI TOP391 EVO\u00a0 est d\u00e9j\u00e0 pr\u00e9charg\u00e9 et r\u00e9gl\u00e9 en usine, pr\u00eat \u00e0 l\u2019emploi, pas de vanne de purge, pas d\u2019huile \u00e0 remplir. Supports de montage inclus.<\/p>\n<p>CALME ET RAPIDE<br \/>\nExtr\u00eamement silencieux et rapide. D\u00e9c\u00e9l\u00e9ration du fin de course int\u00e9gr\u00e9 dans les 3 derniers cm de course.<\/p>\n<p>Le moteur GIBIDI TOP391 EVO\u00a0 est fabriqu\u00e9 avec une technologie unique, le chargement sous vide ne laisse aucun r\u00e9sidu d\u2019air \u00e0 l\u2019int\u00e9rieur, donc il n\u2019y a pas de condensation ni d\u2019\u00e9mulsion. L\u2019accouplement pompe-distributeur est sans joint. Un syst\u00e8me unique destin\u00e9 \u00e0 rester inchang\u00e9 dans le temps. Nouveau collecteur arri\u00e8re en aluminium moul\u00e9 sous pression. Complet de r\u00e9gulateurs de force et \u00e9galement du nouveau dispositif pour s\u00e9lectionner le mode r\u00e9versible, irr\u00e9versible ou mixte.<\/p>\n","protected":false},"excerpt":{"rendered":"<p>Op\u00e9rateur GIBIDI\u00a0 TOP391 EVO <strong>230 Vac<\/strong> \u2013 BAC, largeur vantail maximum 4,5 m avec ralentissements hydrauliques.<\/p>\n<p>Pour portails battants de dimensions et poids moyens et grands, \u00e0 usage r\u00e9sidentiel et intensif.<\/p>\n<p>R\u00e9f. 39200E<\/p>\n","protected":false},"featured_media":9965,"template":"","meta":[],"product_brand":[],"product_cat":[207],"product_tag":[],"class_list":{"0":"post-9969","1":"product","2":"type-product","3":"status-publish","4":"has-post-thumbnail","6":"product_cat-motorisation-portail-battant","8":"first","9":"instock","10":"sale","11":"taxable","12":"shipping-taxable","13":"purchasable","14":"product-type-simple"},"_links":{"self":[{"href":"https:\/\/monbip.fr\/de\/wp-json\/wp\/v2\/product\/9969","targetHints":{"allow":["GET"]}}],"collection":[{"href":"https:\/\/monbip.fr\/de\/wp-json\/wp\/v2\/product"}],"about":[{"href":"https:\/\/monbip.fr\/de\/wp-json\/wp\/v2\/types\/product"}],"wp:featuredmedia":[{"embeddable":true,"href":"https:\/\/monbip.fr\/de\/wp-json\/wp\/v2\/media\/9965"}],"wp:attachment":[{"href":"https:\/\/monbip.fr\/de\/wp-json\/wp\/v2\/media?parent=9969"}],"wp:term":[{"taxonomy":"product_brand","embeddable":true,"href":"https:\/\/monbip.fr\/de\/wp-json\/wp\/v2\/product_brand?post=9969"},{"taxonomy":"product_cat","embeddable":true,"href":"https:\/\/monbip.fr\/de\/wp-json\/wp\/v2\/product_cat?post=9969"},{"taxonomy":"product_tag","embeddable":true,"href":"https:\/\/monbip.fr\/de\/wp-json\/wp\/v2\/product_tag?post=9969"}],"curies":[{"name":"wp","href":"https:\/\/api.w.org\/{rel}","templated":true}]}}