{"id":9975,"date":"2024-10-28T00:54:50","date_gmt":"2024-10-27T22:54:50","guid":{"rendered":"https:\/\/monbip.fr\/?post_type=product&#038;p=9975"},"modified":"2024-10-28T01:11:05","modified_gmt":"2024-10-27T23:11:05","slug":"gibidi-sc230e","status":"publish","type":"product","link":"https:\/\/monbip.fr\/de\/produkt\/schaltschraenke-de\/gibidi-sc230e\/","title":{"rendered":"GIBIDI SC230E"},"content":{"rendered":"<p>Armoire de commande GIBIDI SC230E A90984P pour portes coulissantes compatible avec tous les anciens et nouveaux mod\u00e8les de la gamme PASS<\/p>\n<p>Caract\u00e9ristiques techniques<br \/>\nAlimentation : 230 Vac monophas\u00e9 50\/60 Hz<br \/>\nNombre de moteurs : 1<br \/>\nPuissance moteur : 230 Vca<br \/>\nLumi\u00e8re externe : 230 Vac 40W max<br \/>\nVoyant lumineux : 24 Vca 3W max<br \/>\nAlimentation des accessoires : 24 Vac 8W<br \/>\nR\u00e9cepteur radio : Plug-in<br \/>\nTemp\u00e9rature de fonctionnement : -20\u00b0C +60\u00b0C<\/p>\n","protected":false},"excerpt":{"rendered":"<p>GIBIDI SC230E pour moteur SL400 &#8211; SL800 &#8211; PASS600 &#8211; PASS800.<\/p>\n<p>Armoire de commande GIBIDI SC230E pour portes coulissantes de la gamme GIBIDI PASS. Installable sur les moteurs GIBIDI PASS 600 et PASS 800.<br \/>\nCette carte remplace l&#8217;ancien mod\u00e8le GIBIDI SC230, \u00e9tant enti\u00e8rement compatible. Seul l&#8217;ordre des connexions change.<br \/>\nR\u00e9f: A90984P<\/p>\n","protected":false},"featured_media":9976,"template":"","meta":[],"product_brand":[],"product_cat":[200],"product_tag":[],"class_list":{"0":"post-9975","1":"product","2":"type-product","3":"status-publish","4":"has-post-thumbnail","6":"product_cat-armoires-de-commande","8":"first","9":"instock","10":"sale","11":"taxable","12":"shipping-taxable","13":"purchasable","14":"product-type-simple"},"_links":{"self":[{"href":"https:\/\/monbip.fr\/de\/wp-json\/wp\/v2\/product\/9975","targetHints":{"allow":["GET"]}}],"collection":[{"href":"https:\/\/monbip.fr\/de\/wp-json\/wp\/v2\/product"}],"about":[{"href":"https:\/\/monbip.fr\/de\/wp-json\/wp\/v2\/types\/product"}],"wp:featuredmedia":[{"embeddable":true,"href":"https:\/\/monbip.fr\/de\/wp-json\/wp\/v2\/media\/9976"}],"wp:attachment":[{"href":"https:\/\/monbip.fr\/de\/wp-json\/wp\/v2\/media?parent=9975"}],"wp:term":[{"taxonomy":"product_brand","embeddable":true,"href":"https:\/\/monbip.fr\/de\/wp-json\/wp\/v2\/product_brand?post=9975"},{"taxonomy":"product_cat","embeddable":true,"href":"https:\/\/monbip.fr\/de\/wp-json\/wp\/v2\/product_cat?post=9975"},{"taxonomy":"product_tag","embeddable":true,"href":"https:\/\/monbip.fr\/de\/wp-json\/wp\/v2\/product_tag?post=9975"}],"curies":[{"name":"wp","href":"https:\/\/api.w.org\/{rel}","templated":true}]}}