{"id":9990,"date":"2024-10-28T01:35:03","date_gmt":"2024-10-27T23:35:03","guid":{"rendered":"https:\/\/monbip.fr\/?post_type=product&#038;p=9990"},"modified":"2024-11-01T22:23:44","modified_gmt":"2024-11-01T20:23:44","slug":"gibidi-ba230","status":"publish","type":"product","link":"https:\/\/monbip.fr\/de\/produkt\/schaltschraenke-de\/gibidi-ba230\/","title":{"rendered":"GIBIDI BA230"},"content":{"rendered":"<p>GIBIDI BA230 digital armoire de commande \u00e9lectronique universelle pour un ou deux moteurs dans les barri\u00e8res battantes, coulissantes, basculantes et automatiques de la marque Gibidi \u00e0 230V. Il dispose d&#8217;un \u00e9cran LCD pour une programmation simple, intuitive et rapide pour configurer toutes les fonctions.<\/p>\n","protected":false},"excerpt":{"rendered":"<p>GIBIDI BA230\u00a0 Platine de commande pour 1 ou 2 op\u00e9rateurs.<\/p>\n<p>R\u00e9f. AS05581<\/p>\n","protected":false},"featured_media":9991,"template":"","meta":[],"product_brand":[],"product_cat":[200],"product_tag":[],"class_list":{"0":"post-9990","1":"product","2":"type-product","3":"status-publish","4":"has-post-thumbnail","6":"product_cat-armoires-de-commande","8":"first","9":"instock","10":"sale","11":"taxable","12":"shipping-taxable","13":"purchasable","14":"product-type-simple"},"_links":{"self":[{"href":"https:\/\/monbip.fr\/de\/wp-json\/wp\/v2\/product\/9990","targetHints":{"allow":["GET"]}}],"collection":[{"href":"https:\/\/monbip.fr\/de\/wp-json\/wp\/v2\/product"}],"about":[{"href":"https:\/\/monbip.fr\/de\/wp-json\/wp\/v2\/types\/product"}],"wp:featuredmedia":[{"embeddable":true,"href":"https:\/\/monbip.fr\/de\/wp-json\/wp\/v2\/media\/9991"}],"wp:attachment":[{"href":"https:\/\/monbip.fr\/de\/wp-json\/wp\/v2\/media?parent=9990"}],"wp:term":[{"taxonomy":"product_brand","embeddable":true,"href":"https:\/\/monbip.fr\/de\/wp-json\/wp\/v2\/product_brand?post=9990"},{"taxonomy":"product_cat","embeddable":true,"href":"https:\/\/monbip.fr\/de\/wp-json\/wp\/v2\/product_cat?post=9990"},{"taxonomy":"product_tag","embeddable":true,"href":"https:\/\/monbip.fr\/de\/wp-json\/wp\/v2\/product_tag?post=9990"}],"curies":[{"name":"wp","href":"https:\/\/api.w.org\/{rel}","templated":true}]}}